{"id":386,"date":"2024-10-11T12:21:27","date_gmt":"2024-10-11T10:21:27","guid":{"rendered":"https:\/\/ustaxconsultingeurope.com\/privacy-policy\/"},"modified":"2025-02-10T15:08:07","modified_gmt":"2025-02-10T14:08:07","slug":"politique-de-confidentialite","status":"publish","type":"page","link":"https:\/\/ustaxconsultingeurope.com\/fr\/politique-de-confidentialite\/","title":{"rendered":"Politique de Confidentialit\u00e9"},"content":{"rendered":"\n<p>La pr\u00e9sente d\u00e9claration (\u00ab D\u00e9claration \u00bb) fournit des informations sur le traitement des donn\u00e9es \u00e0 caract\u00e8re personnel par US Tax Consulting Europe, ci-apr\u00e8s d\u00e9nomm\u00e9e individuellement et collectivement \u00ab USTCE \u00bb. USTCE fournit des services de conseil en fiscalit\u00e9 am\u00e9ricaine aux citoyens am\u00e9ricains, aux d\u00e9tenteurs d&rsquo;une carte verte et aux entreprises qui s&rsquo;installent ou investissent en France, au Royaume-Uni et en Europe, ainsi qu&rsquo;aux citoyens et entreprises britanniques, fran\u00e7ais ou europ\u00e9ens qui investissent ou s&rsquo;installent aux \u00c9tats-Unis. Les coordonn\u00e9es de USTCE sont les suivantes :<br><br>176 Rue du CHIEN BLANC<br>Rouillac 16170<br>France<br>ed@ustaxconsultingeurope.com<\/p>\n\n\n\n<p>La pr\u00e9sente d\u00e9claration s&rsquo;applique \u00e0 toutes les donn\u00e9es \u00e0 caract\u00e8re personnel trait\u00e9es par USTCE et\/ou au nom d&rsquo;USTCE concernant toutes ses personnes concern\u00e9es (y compris les employ\u00e9s (potentiels, actuels et anciens), les sous-traitants, les clients (potentiels) et les (autres) partenaires commerciaux), avec lesquelles une personne physique peut \u00eatre identifi\u00e9e ou devenir identifiable (ci-apr\u00e8s d\u00e9nomm\u00e9es \u00ab donn\u00e9es \u00e0 caract\u00e8re personnel \u00bb). Les personnes physiques concern\u00e9es sont ci-apr\u00e8s d\u00e9nomm\u00e9es collectivement \u00ab personnes concern\u00e9es \u00bb.)<\/p>\n\n\n\n<p>La pr\u00e9sente d\u00e9claration \u00e9nonce les \u00e9l\u00e9ments n\u00e9cessaires au respect par USTCE de la l\u00e9gislation, des principes et des pratiques applicables en mati\u00e8re de protection de la vie priv\u00e9e, y compris, mais sans s&rsquo;y limiter, le r\u00e8glement g\u00e9n\u00e9ral sur la protection des donn\u00e9es (\u00ab RGPD \u00bb) (\u00ab lois applicables \u00bb). USTCE se r\u00e9serve le droit de revoir et\/ou de modifier cette d\u00e9claration p\u00e9riodiquement, afin de se conformer \u00e0 la l\u00e9gislation (locale et\/ou europ\u00e9enne), et \u00e0 toute autre fin jug\u00e9e raisonnablement n\u00e9cessaire par USTCE.<\/p>\n\n\n\n<p>Pour toute question concernant la pr\u00e9sente d\u00e9claration, veuillez contacter USTCE \u00e0 l&rsquo;adresse \u00e9lectronique suivante : ed@ustaxconsultingeurope.com.<\/p>\n\n\n\n<p>Vous trouverez ci-dessous un aper\u00e7u des sujets qui seront abord\u00e9s dans cette d\u00e9claration.<\/p>\n\n\n\n<ul class=\"wp-block-list\">\n<li>Cat\u00e9gories de donn\u00e9es \u00e0 caract\u00e8re personnel<\/li>\n\n\n\n<li>Finalit\u00e9, fondement juridique et dur\u00e9e de conservation du traitement des donn\u00e9es<\/li>\n\n\n\n<li>S\u00e9curit\u00e9 des donn\u00e9es personnelles<\/li>\n\n\n\n<li>Transfert de donn\u00e9es \u00e0 caract\u00e8re personnel<\/li>\n\n\n\n<li>Droits relatifs aux donn\u00e9es personnelles<\/li>\n\n\n\n<li>Questions et demandes de renseignements<\/li>\n<\/ul>\n\n\n\n<h2 class=\"wp-block-heading\">Les cat\u00e9gories de donn\u00e9es \u00e0 caract\u00e8re personnel<\/h2>\n\n\n\n<p>USTCE traite les cat\u00e9gories suivantes de donn\u00e9es \u00e0 caract\u00e8re personnel, en ce qui concerne les cat\u00e9gories suivantes de personnes concern\u00e9es :<\/p>\n\n\n\n<ul class=\"wp-block-list\">\n<li>Adresse \u00e9lectronique ;<\/li>\n\n\n\n<li>Pr\u00e9nom et nom de famille ;<\/li>\n\n\n\n<li>Num\u00e9ro de s\u00e9curit\u00e9 sociale ;<\/li>\n\n\n\n<li>Adresse (rue) ;<\/li>\n\n\n\n<li>Code postal ;<\/li>\n\n\n\n<li>Num\u00e9ro de t\u00e9l\u00e9phone ;<\/li>\n\n\n\n<li>Informations personnelles n\u00e9cessaires \u00e0 la fourniture de services de conseil fiscal aux \u00c9tats-Unis ;<\/li>\n\n\n\n<li>Cookies ;<\/li>\n\n\n\n<li>Adresse IP.<\/li>\n<\/ul>\n\n\n\n<p>Ces donn\u00e9es personnelles sont collect\u00e9es par le biais de courriers \u00e9lectroniques envoy\u00e9s \u00e0 USTCE et\/ou d&rsquo;informations fournies sur la page \u00ab Contact \u00bb de ce site web.<\/p>\n\n\n\n<h2 class=\"wp-block-heading\">Finalit\u00e9, fondement juridique et dur\u00e9e de conservation du traitement des donn\u00e9es<\/h2>\n\n\n\n<p>Sur la base des fondements juridiques suivants, USTCE traite les donn\u00e9es \u00e0 caract\u00e8re personnel aux fins suivantes. Afin de remplir nos obligations contractuelles, nous traitons vos donn\u00e9es \u00e0 caract\u00e8re personnel afin de :<\/p>\n\n\n\n<ul class=\"wp-block-list\">\n<li>Fournir et maintenir notre service ;<\/li>\n\n\n\n<li>Vous permettre de participer aux fonctions interactives de nos services lorsque vous le souhaitez<\/li>\n\n\n\n<li>D\u00e9tecter, pr\u00e9venir et r\u00e9soudre les probl\u00e8mes techniques ;<\/li>\n<\/ul>\n\n\n\n<p>USTCE conservera ces donn\u00e9es personnelles pendant une dur\u00e9e maximale de 3 ans. Pour nos int\u00e9r\u00eats l\u00e9gitimes, nous pouvons traiter vos donn\u00e9es personnelles afin de :<\/p>\n\n\n\n<ul class=\"wp-block-list\">\n<li>Vous informer des changements apport\u00e9s \u00e0 nos services<\/li>\n\n\n\n<li>Fournir une assistance aux clients ;<\/li>\n\n\n\n<li>Recueillir des analyses ou des informations utiles pour permettre \u00e0 USTCE d&rsquo;am\u00e9liorer les services ;<\/li>\n\n\n\n<li>Contr\u00f4ler l&rsquo;utilisation des services ;<\/li>\n<\/ul>\n\n\n\n<p>USTCE conservera ces donn\u00e9es personnelles pendant une dur\u00e9e maximale de 3 ans.<\/p>\n\n\n\n<p>USTCE ne traitera les donn\u00e9es personnelles que dans la mesure n\u00e9cessaire aux fins d\u00e9crites. Les donn\u00e9es personnelles ne peuvent en principe pas \u00eatre trait\u00e9es \u00e0 des fins autres que celles pour lesquelles elles ont \u00e9t\u00e9 collect\u00e9es. S&rsquo;il est n\u00e9cessaire de traiter les donn\u00e9es \u00e0 caract\u00e8re personnel \u00e0 d&rsquo;autres fins, USTCE v\u00e9rifiera si les finalit\u00e9s du traitement des donn\u00e9es envisag\u00e9 sont compatibles avec les finalit\u00e9s initiales. USTCE fournira \u00e0 la personne concern\u00e9e, avant le traitement ult\u00e9rieur, des informations sur cette autre finalit\u00e9.<\/p>\n\n\n\n<h2 class=\"wp-block-heading\">La s\u00e9curit\u00e9 des donn\u00e9es personnelles<\/h2>\n\n\n\n<p>USTCE traite les donn\u00e9es personnelles avec soin et en toute confidentialit\u00e9, et utilise des mesures techniques et organisationnelles appropri\u00e9es pour pr\u00e9server l&rsquo;int\u00e9grit\u00e9 et la s\u00e9curit\u00e9 de vos donn\u00e9es personnelles.<\/p>\n\n\n\n<h2 class=\"wp-block-heading\">Le transfert de donn\u00e9es \u00e0 caract\u00e8re personnel<\/h2>\n\n\n\n<p>USTCE transf\u00e8re (uniquement les parties pertinentes) des donn\u00e9es \u00e0 caract\u00e8re personnel aux destinataires suivants :<\/p>\n\n\n\n<ul class=\"wp-block-list\">\n<li>CloudAccess;<\/li>\n\n\n\n<li>Hubspot;<\/li>\n<\/ul>\n\n\n\n<p>USTCE transf\u00e8re des donn\u00e9es personnelles vers un pays tiers ou des organisations internationales en dehors du Royaume-Uni et de l&rsquo;Union europ\u00e9enne (\u00ab UKEU \u00bb), y compris les \u00c9tats-Unis. Ces transferts n&rsquo;ont lieu qu&rsquo;en conformit\u00e9 avec les lois applicables et lorsque des garanties appropri\u00e9es sont en place pour assurer le niveau de protection des personnes concern\u00e9es requis par ces lois applicables (par exemple, transferts sur la base d&rsquo;une d\u00e9cision d&rsquo;ad\u00e9quation ou de clauses types de l&rsquo;UE).<\/p>\n\n\n\n<h2 class=\"wp-block-heading\">Vos droits relatifs aux donn\u00e9es \u00e0 caract\u00e8re personnel<\/h2>\n\n\n\n<p>Les personnes concern\u00e9es disposent d&rsquo;un droit d&rsquo;information, d&rsquo;acc\u00e8s, de rectification, d&rsquo;ajout et d&rsquo;effacement des donn\u00e9es \u00e0 caract\u00e8re personnel, d&rsquo;un droit d&rsquo;opposition ou de limitation du traitement des donn\u00e9es \u00e0 caract\u00e8re personnel (ou de retrait d&rsquo;un consentement donn\u00e9 ant\u00e9rieurement), ainsi que d&rsquo;un droit \u00e0 la portabilit\u00e9 des donn\u00e9es. La proc\u00e9dure d&rsquo;USTCE permettant aux personnes concern\u00e9es d&rsquo;exercer ces droits est d\u00e9crite ci-dessous.<\/p>\n\n\n\n<p>Les personnes concern\u00e9es peuvent d\u00e9poser une demande d&rsquo;acc\u00e8s aupr\u00e8s d&rsquo;USTCE, et USTCE r\u00e9pondra d\u00e8s que possible, et en tout \u00e9tat de cause dans un d\u00e9lai d&rsquo;un (1) mois, \u00e0 propos de :<\/p>\n\n\n\n<ol class=\"wp-block-list\">\n<li>Si l&rsquo;USTCE d\u00e9tient des donn\u00e9es \u00e0 caract\u00e8re personnel concernant la personne concern\u00e9e ; et<\/li>\n\n\n\n<li>Dans l&rsquo;affirmative, des informations sont fournies sur les finalit\u00e9s du traitement, les cat\u00e9gories, les destinataires (le cas \u00e9ch\u00e9ant), la p\u00e9riode envisag\u00e9e pour le stockage des donn\u00e9es \u00e0 caract\u00e8re personnel, l&rsquo;existence du droit de demander la rectification, l&rsquo;effacement, la limitation ou de s&rsquo;opposer \u00e0 un tel traitement, le droit d&rsquo;introduire une r\u00e9clamation aupr\u00e8s d&rsquo;une autorit\u00e9 de contr\u00f4le, l&rsquo;existence d&rsquo;une prise de d\u00e9cision automatis\u00e9e, lorsque les donn\u00e9es sont transf\u00e9r\u00e9es vers un pays tiers, les garanties appropri\u00e9es et la (les) source(s) des donn\u00e9es \u00e0 caract\u00e8re personnel.<\/li>\n<\/ol>\n\n\n\n<p>L&rsquo;USTCE informe la personne concern\u00e9e dans un d\u00e9lai d&rsquo;un (1) mois \u00e0 compter de la r\u00e9ception de la demande s&rsquo;il sera donn\u00e9 suite \u00e0 celle-ci (dans les d\u00e9lais) et, dans la n\u00e9gative, indique les raisons du retard ou du rejet. Les informations fournies sont gratuites. Les personnes concern\u00e9es peuvent exercer ces droits \u00e0 des intervalles raisonnables. Les personnes concern\u00e9es peuvent exercer leurs droits en nous contactant par \u00e9crit ou par courrier \u00e9lectronique (voir l&rsquo;adresse ci-dessus).<\/p>\n\n\n\n<p>USTCE se conformera \u00e0 une demande l\u00e9gitime de rectification, d&rsquo;ajout et d&rsquo;effacement d&rsquo;une personne concern\u00e9e, si les donn\u00e9es personnelles sont factuellement incorrectes, incompl\u00e8tes ou non pertinentes au regard de la ou des finalit\u00e9s du traitement des donn\u00e9es, ou si elles sont trait\u00e9es en violation des lois applicables.<\/p>\n\n\n\n<p>En ce qui concerne une demande d&rsquo;effacement de donn\u00e9es personnelles, il convient de tenir compte du fait qu&rsquo;USTCE ne se conformera pas \u00e0 une telle demande si elle est incompatible avec les obligations l\u00e9gales d&rsquo;USTCE.<\/p>\n\n\n\n<p>En cas de pr\u00e9occupations concernant le traitement des donn\u00e9es personnelles, les personnes concern\u00e9es ont \u00e9galement le droit de d\u00e9poser une plainte aupr\u00e8s d&rsquo;une autorit\u00e9 de contr\u00f4le locale.<\/p>\n\n\n\n<h2 class=\"wp-block-heading\">Questions et demandes de renseignements<\/h2>\n\n\n\n<p>Pour toute question concernant la pr\u00e9sente d\u00e9claration, veuillez nous contacter \u00e0 l&rsquo;adresse suivante : ed@ustaxconsultingeurope.com.<\/p>\n","protected":false},"excerpt":{"rendered":"<p>La pr\u00e9sente d\u00e9claration (\u00ab D\u00e9claration \u00bb) fournit des informations sur le traitement des donn\u00e9es \u00e0 caract\u00e8re personnel par US Tax Consulting Europe, ci-apr\u00e8s d\u00e9nomm\u00e9e individuellement et collectivement \u00ab USTCE \u00bb. USTCE fournit des services de conseil en fiscalit\u00e9 am\u00e9ricaine aux citoyens am\u00e9ricains, aux d\u00e9tenteurs d&rsquo;une carte verte et aux entreprises qui s&rsquo;installent ou investissent en [&hellip;]<\/p>\n","protected":false},"author":1,"featured_media":0,"parent":0,"menu_order":0,"comment_status":"closed","ping_status":"closed","template":"template-centered.php","meta":{"footnotes":""},"class_list":["post-386","page","type-page","status-publish","hentry"],"_links":{"self":[{"href":"https:\/\/ustaxconsultingeurope.com\/fr\/wp-json\/wp\/v2\/pages\/386","targetHints":{"allow":["GET"]}}],"collection":[{"href":"https:\/\/ustaxconsultingeurope.com\/fr\/wp-json\/wp\/v2\/pages"}],"about":[{"href":"https:\/\/ustaxconsultingeurope.com\/fr\/wp-json\/wp\/v2\/types\/page"}],"author":[{"embeddable":true,"href":"https:\/\/ustaxconsultingeurope.com\/fr\/wp-json\/wp\/v2\/users\/1"}],"replies":[{"embeddable":true,"href":"https:\/\/ustaxconsultingeurope.com\/fr\/wp-json\/wp\/v2\/comments?post=386"}],"version-history":[{"count":2,"href":"https:\/\/ustaxconsultingeurope.com\/fr\/wp-json\/wp\/v2\/pages\/386\/revisions"}],"predecessor-version":[{"id":489,"href":"https:\/\/ustaxconsultingeurope.com\/fr\/wp-json\/wp\/v2\/pages\/386\/revisions\/489"}],"wp:attachment":[{"href":"https:\/\/ustaxconsultingeurope.com\/fr\/wp-json\/wp\/v2\/media?parent=386"}],"curies":[{"name":"wp","href":"https:\/\/api.w.org\/{rel}","templated":true}]}}